{"id":1888,"date":"2020-06-04T14:50:27","date_gmt":"2020-06-04T12:50:27","guid":{"rendered":"https:\/\/choeur-strasbourg.eu\/?page_id=1888"},"modified":"2020-06-05T17:17:30","modified_gmt":"2020-06-05T15:17:30","slug":"finlande-finland-helsinki","status":"publish","type":"page","link":"https:\/\/choeur-strasbourg.eu\/en\/finlande-finland-helsinki\/","title":{"rendered":"FINLANDE &#8211; FINLAND : Helsinki"},"content":{"rendered":"<p>[et_pb_section fb_built=&#8221;1&#8243; module_id=&#8221;presentationChoeur&#8221; module_class=&#8221;orangeMotif&#8221; _builder_version=&#8221;3.27.3&#8243; background_color=&#8221;#fde7dc&#8221; background_image=&#8221;https:\/\/choeur-strasbourg.eu\/wp-content\/uploads\/2019\/05\/motif-blanc4.svg&#8221; background_size=&#8221;initial&#8221; background_position=&#8221;bottom_left&#8221; inner_width_tablet=&#8221;50px&#8221; inner_max_width_tablet=&#8221;50px&#8221; z_index_tablet=&#8221;500&#8243; box_shadow_horizontal_tablet=&#8221;0px&#8221; box_shadow_vertical_tablet=&#8221;0px&#8221; box_shadow_blur_tablet=&#8221;40px&#8221; box_shadow_spread_tablet=&#8221;0px&#8221;][et_pb_row _builder_version=&#8221;4.4.5&#8243;][et_pb_column type=&#8221;4_4&#8243; _builder_version=&#8221;4.4.5&#8243;][et_pb_text _builder_version=&#8221;4.4.5&#8243; hover_enabled=&#8221;0&#8243;]<\/p>\n<div id=\"magicdomid399\" class=\"ace-line\" spellcheck=\"true\">\n<h1 id=\"magicdomid395\" class=\"ace-line\" style=\"text-align: center;\" spellcheck=\"true\"><span class=\"author-a-4gz88z1eez75z2jz71z9z86zz79zz76zlz66z b u\"><b><u>FINLANDE &#8211; FINLAND : Helsinki<\/u><\/b><\/span><\/h1>\n<h1 id=\"magicdomid397\" class=\"ace-line\" style=\"text-align: center;\" spellcheck=\"true\"><span class=\"author-a-4gz88z1eez75z2jz71z9z86zz79zz76zlz66z\">V\u00e4rin\u00e4 Chamber Choir, conducted by Noora Hirn<\/span><\/h1>\n<h2 class=\"ace-line\" style=\"text-align: center;\" spellcheck=\"true\"><span class=\"author-a-g3z84znppz79zz86zymz73zfcz87zgl\">Vocal e<\/span><span class=\"author-a-g3z84znppz79zz86zymz73zfcz87zgl\">nsemble <\/span><\/h2>\n<div id=\"magicdomid399\" class=\"ace-line\" spellcheck=\"true\"><span class=\"author-a-4gz88z1eez75z2jz71z9z86zz79zz76zlz66z b\"><b>\u00a0<\/b><\/span><\/div>\n<div id=\"magicdomid400\" class=\"ace-line\" spellcheck=\"true\">\n<div id=\"magicdomid5\" class=\"ace-line\" spellcheck=\"true\"><span class=\"author-a-z65z9kz78zz65zkz65zcz83zwqewwz83zz80z b\"><b>\u00a0<\/b><\/span><\/div>\n<div id=\"magicdomid6\" class=\"ace-line\" spellcheck=\"true\">\n<div id=\"magicdomid57\" class=\"ace-line\" spellcheck=\"true\"><span class=\"author-a-z65z9kz78zz65zkz65zcz83zwqewwz83zz80z\"><strong>For more information<\/strong> : <\/span><a href=\"http:\/\/kamarikuorovarina.fi\/\" rel=\"noreferrer noopener\">http:\/\/kamarikuorovarina.fi<\/a><\/div>\n<\/div>\n<\/div>\n<div id=\"magicdomid401\" class=\"ace-line\" spellcheck=\"true\"><span class=\"author-a-4gz88z1eez75z2jz71z9z86zz79zz76zlz66z\"><strong>To listen<\/strong>\u00a0:\u00a0<\/span><span class=\"author-a-4gz88z1eez75z2jz71z9z86zz79zz76zlz66z url\"><a href=\"https:\/\/www.youtube.com\/channel\/UClCv5YfSKxbQf91y5Ljwkxg\" rel=\"noreferrer noopener\">https:\/\/www.youtube.com\/channel\/UClCv5YfSKxbQf91y5Ljwkxg<\/a><\/span><\/div>\n<\/div>\n<p>[\/et_pb_text][\/et_pb_column][\/et_pb_row][et_pb_row column_structure=&#8221;1_2,1_2&#8243; use_custom_gutter=&#8221;on&#8221; make_equal=&#8221;on&#8221; _builder_version=&#8221;3.25&#8243; z_index_tablet=&#8221;500&#8243;][et_pb_column type=&#8221;1_2&#8243; _builder_version=&#8221;3.0.47&#8243; custom_padding=&#8221;|||&#8221; custom_padding__hover=&#8221;|||&#8221;][et_pb_text admin_label=&#8221;Text&#8221; _builder_version=&#8221;4.4.5&#8243; animation_style=&#8221;fade&#8221; animation_direction=&#8221;left&#8221; z_index_tablet=&#8221;500&#8243; box_shadow_horizontal_tablet=&#8221;0px&#8221; box_shadow_vertical_tablet=&#8221;0px&#8221; box_shadow_blur_tablet=&#8221;40px&#8221; box_shadow_spread_tablet=&#8221;0px&#8221;]<\/p>\n<div id=\"magicdomid404\" class=\"ace-line\" spellcheck=\"true\"><b><\/b><span class=\"author-a-4gz88z1eez75z2jz71z9z86zz79zz76zlz66z\"><span class=\"author-a-4gz88z1eez75z2jz71z9z86zz79zz76zlz66z\">&#8221; <\/span><\/span>I work as a conductor for a Finnish Choir (based in the capital, Helsinki) called V\u00e4rin\u00e4 Chamber Choir. We are a mixed choir of 35 singers, and we sing classical choral repertoire from renaissance music up to modern music from our days.<\/p>\n<div id=\"magicdomid419\" class=\"ace-line\" spellcheck=\"true\"><span class=\"author-a-4gz88z1eez75z2jz71z9z86zz79zz76zlz66z\">During the corona pandemic, we have kept on having rehearsals via video conference program Zoom. We gather in Zoom approximately every other week. As we can not have normal rehearsals now, we have tried to make the most out of this exceptional situation.<\/span><\/div>\n<div id=\"magicdomid420\" class=\"ace-line\" spellcheck=\"true\"><span class=\"author-a-4gz88z1eez75z2jz71z9z86zz79zz76zlz66z\">We have had a workshop on rhytmic choir music with a specialist in this field. We had a live session with a singing teacher, who answered our questions (all kinds of questions varying from how to sing high\/low notes to how to practice singing home with small children). We had a theory lesson on intonation. We have had regular group rehearsals (sopranos, altos etc. separately). We also made a recording of a modern piece so that each singer recorded their part at home and the piece was then put together.<\/span><\/div>\n<div id=\"magicdomid421\" class=\"ace-line\" spellcheck=\"true\"><span class=\"author-a-4gz88z1eez75z2jz71z9z86zz79zz76zlz66z\">We have also ordered videos of singing and breathing exercises, planned specifically for our choir.<\/span><\/div>\n<div id=\"magicdomid422\" class=\"ace-line\" spellcheck=\"true\"><span class=\"author-a-4gz88z1eez75z2jz71z9z86zz79zz76zlz66z\">And we had a workshop to plan our long-term future goals as a choir. In addition to the official program, we have had social gatherings in Zoom with no official agenda, as we find it is important to meet friends and keep on communicating as a social group.<\/span><\/div>\n<\/div>\n<p>[\/et_pb_text][\/et_pb_column][et_pb_column type=&#8221;1_2&#8243; _builder_version=&#8221;3.0.47&#8243; custom_padding=&#8221;|||&#8221; custom_padding__hover=&#8221;|||&#8221;][et_pb_text admin_label=&#8221;cr\u00e9dit&#8221; _builder_version=&#8221;4.4.5&#8243; text_font_size=&#8221;12px&#8221; text_orientation=&#8221;right&#8221; custom_margin=&#8221;0px|||&#8221; custom_padding=&#8221;0px|||&#8221; animation_style=&#8221;fade&#8221; animation_duration=&#8221;500ms&#8221; animation_delay=&#8221;1000ms&#8221; z_index_tablet=&#8221;500&#8243; box_shadow_horizontal_tablet=&#8221;0px&#8221; box_shadow_vertical_tablet=&#8221;0px&#8221; box_shadow_blur_tablet=&#8221;40px&#8221; box_shadow_spread_tablet=&#8221;0px&#8221;]<\/p>\n<p>\u00a9 Jari Gr\u00f6nroos<\/p>\n<p>[\/et_pb_text][et_pb_image src=&#8221;https:\/\/choeur-strasbourg.eu\/wp-content\/uploads\/2020\/05\/V\u00e4rin\u00e4-Chamber-Choir.jpg&#8221; title_text=&#8221;V\u00e4rin\u00e4 Chamber Choir,&#8221; show_bottom_space=&#8221;off&#8221; align_tablet=&#8221;center&#8221; align_phone=&#8221;&#8221; align_last_edited=&#8221;on|desktop&#8221; admin_label=&#8221;photo&#8221; _builder_version=&#8221;4.4.5&#8243; animation_style=&#8221;slide&#8221; animation_direction=&#8221;right&#8221; z_index_tablet=&#8221;500&#8243; box_shadow_horizontal_tablet=&#8221;0px&#8221; box_shadow_vertical_tablet=&#8221;0px&#8221; box_shadow_blur_tablet=&#8221;40px&#8221; box_shadow_spread_tablet=&#8221;0px&#8221;][\/et_pb_image][\/et_pb_column][\/et_pb_row][et_pb_row _builder_version=&#8221;4.4.5&#8243;][et_pb_column type=&#8221;4_4&#8243; _builder_version=&#8221;4.4.5&#8243;][et_pb_text _builder_version=&#8221;4.4.5&#8243;]<\/p>\n<div id=\"magicdomid404\" class=\"ace-line\" spellcheck=\"true\">\n<div id=\"magicdomid423\" class=\"ace-line\" spellcheck=\"true\"><span class=\"author-a-4gz88z1eez75z2jz71z9z86zz79zz76zlz66z\">In spite of the obvious lack of singing together in the same room, our singers have found our rehearsals this spring very useful and inspirational. We have had plenty of time to concentrate on many important things we do not normally have enough time for.<\/span><\/div>\n<div id=\"magicdomid424\" class=\"ace-line\" spellcheck=\"true\"><span class=\"author-a-4gz88z1eez75z2jz71z9z86zz79zz76zlz66z\">Of course we, like everyone else, have had to cancel all our concerts and other performances, but we<\/span><\/div>\n<div id=\"magicdomid425\" class=\"ace-line\" spellcheck=\"true\"><span class=\"author-a-4gz88z1eez75z2jz71z9z86zz79zz76zlz66z\">really hope to be able to sing together soon again. The challenge with having rehearsals in Zoom is that, because of latency, we have to sing behind our muted microphones and thus no one can hear each other.\u00a0<\/span><\/div>\n<div id=\"magicdomid426\" class=\"ace-line\" spellcheck=\"true\"><span class=\"author-a-4gz88z1eez75z2jz71z9z86zz79zz76zlz66z\">But at least we can see each other singing! \ud83d\ude42 The spring season for most choirs comes to end in May in Finland, but if this exceptional situation continues in the autumn, we will have to find yet new ways to keep on practicing online. Probably we will go on with group rehearsals, workshops on different themes and theory lessons. Besides that, we could for example listen and analyze recordings and concerts together.<\/span><\/div>\n<div id=\"magicdomid427\" class=\"ace-line\" spellcheck=\"true\"><span class=\"author-a-4gz88z1eez75z2jz71z9z86zz79zz76zlz66z\">Here is our link to a voice extract of our choir, it would be great if You could include it in the update:<\/span><\/div>\n<div id=\"magicdomid428\" class=\"ace-line\" spellcheck=\"true\"><span class=\"author-a-4gz88z1eez75z2jz71z9z86zz79zz76zlz66z url\"><a href=\"https:\/\/open.spotify.com\/track\/7IAZ0fICy2tyKuA0K2ODh2\" rel=\"noreferrer noopener\">https:\/\/open.spotify.com\/track\/7IAZ0fICy2tyKuA0K2ODh2<\/a><\/span><\/div>\n<div id=\"magicdomid429\" class=\"ace-line\" spellcheck=\"true\"><span class=\"author-a-4gz88z1eez75z2jz71z9z86zz79zz76zlz66z\">All the best for You and Your singers ! <b>&#8220;<\/b><\/span><\/div>\n<div id=\"magicdomid430\" class=\"ace-line\" spellcheck=\"true\"><span class=\"author-a-4gz88z1eez75z2jz71z9z86zz79zz76zlz66z\">\u00a0<\/span><\/div>\n<div id=\"magicdomid431\" class=\"ace-line\" spellcheck=\"true\"><span class=\"author-a-4gz88z1eez75z2jz71z9z86zz79zz76zlz66z\">Best regards,<\/span><\/div>\n<div id=\"magicdomid432\" class=\"ace-line\" spellcheck=\"true\"><span class=\"author-a-4gz88z1eez75z2jz71z9z86zz79zz76zlz66z\">Noora Hirn from Finland<\/span><\/div>\n<\/div>\n<p>[\/et_pb_text][\/et_pb_column][\/et_pb_row][\/et_pb_section][et_pb_section fb_built=&#8221;1&#8243; module_id=&#8221;presentationChoeur&#8221; module_class=&#8221;orangeMotif&#8221; _builder_version=&#8221;3.27.3&#8243; background_color=&#8221;#fde7dc&#8221; background_size=&#8221;initial&#8221; background_position=&#8221;bottom_left&#8221; inner_width_tablet=&#8221;50px&#8221; inner_max_width_tablet=&#8221;50px&#8221; z_index_tablet=&#8221;500&#8243; box_shadow_horizontal_tablet=&#8221;0px&#8221; box_shadow_vertical_tablet=&#8221;0px&#8221; box_shadow_blur_tablet=&#8221;40px&#8221; box_shadow_spread_tablet=&#8221;0px&#8221;][et_pb_row _builder_version=&#8221;3.25&#8243; custom_padding=&#8221;||20px|&#8221; z_index_tablet=&#8221;500&#8243;][et_pb_column type=&#8221;4_4&#8243; _builder_version=&#8221;3.0.47&#8243; custom_padding=&#8221;||0px|&#8221; custom_padding__hover=&#8221;|||&#8221;][et_pb_image src=&#8221;https:\/\/choeur-strasbourg.eu\/wp-content\/uploads\/2020\/05\/helsinki-Mikko-Reinikainen.jpg&#8221; title_text=&#8221;helsinki &#8211; Mikko Reinikainen&#8221; _builder_version=&#8221;4.4.5&#8243;][\/et_pb_image][et_pb_text _builder_version=&#8221;4.4.5&#8243;]<\/p>\n<p>\u00a9 Mikko Reinikainen<\/p>\n<p>[\/et_pb_text][\/et_pb_column][\/et_pb_row][\/et_pb_section]<\/p>\n","protected":false},"excerpt":{"rendered":"<p>FINLANDE &#8211; FINLAND : Helsinki V\u00e4rin\u00e4 Chamber Choir, conducted by Noora Hirn Vocal ensemble \u00a0 \u00a0 For more information : http:\/\/kamarikuorovarina.fi To listen\u00a0:\u00a0https:\/\/www.youtube.com\/channel\/UClCv5YfSKxbQf91y5Ljwkxg &#8221; I work as a conductor for a Finnish Choir (based in the capital, Helsinki) called V\u00e4rin\u00e4 Chamber Choir. We are a mixed choir of 35 singers, and we sing classical choral [&hellip;]<\/p>\n","protected":false},"author":5,"featured_media":0,"parent":0,"menu_order":76,"comment_status":"closed","ping_status":"closed","template":"","meta":{"_et_pb_use_builder":"on","_et_pb_old_content":"","_et_gb_content_width":"","footnotes":""},"class_list":["post-1888","page","type-page","status-publish","hentry"],"yoast_head":"<!-- This site is optimized with the Yoast SEO plugin v26.0 - https:\/\/yoast.com\/wordpress\/plugins\/seo\/ -->\n<title>FINLANDE - FINLAND : Helsinki - Le Choeur Philharmonique de Strasbourg<\/title>\n<meta name=\"robots\" content=\"index, follow, max-snippet:-1, max-image-preview:large, max-video-preview:-1\" \/>\n<link rel=\"canonical\" href=\"https:\/\/choeur-strasbourg.eu\/en\/finlande-finland-helsinki\/\" \/>\n<meta property=\"og:locale\" content=\"en_US\" \/>\n<meta property=\"og:type\" content=\"article\" \/>\n<meta property=\"og:title\" content=\"FINLANDE - FINLAND : Helsinki - Le Choeur Philharmonique de Strasbourg\" \/>\n<meta property=\"og:description\" content=\"FINLANDE - FINLAND : Helsinki V\u00e4rin\u00e4 Chamber Choir, conducted by Noora Hirn Vocal ensemble \u00a0 \u00a0 For more information : http:\/\/kamarikuorovarina.fi To listen\u00a0:\u00a0https:\/\/www.youtube.com\/channel\/UClCv5YfSKxbQf91y5Ljwkxg &quot; I work as a conductor for a Finnish Choir (based in the capital, Helsinki) called V\u00e4rin\u00e4 Chamber Choir. We are a mixed choir of 35 singers, and we sing classical choral [&hellip;]\" \/>\n<meta property=\"og:url\" content=\"https:\/\/choeur-strasbourg.eu\/en\/finlande-finland-helsinki\/\" \/>\n<meta property=\"og:site_name\" content=\"Le Choeur Philharmonique de Strasbourg\" \/>\n<meta property=\"article:publisher\" content=\"https:\/\/www.facebook.com\/ChoeurPhilharmoniqueStrasbourg\/\" \/>\n<meta property=\"article:modified_time\" content=\"2020-06-05T15:17:30+00:00\" \/>\n<meta name=\"twitter:card\" content=\"summary_large_image\" \/>\n<meta name=\"twitter:label1\" content=\"Est. reading time\" \/>\n\t<meta name=\"twitter:data1\" content=\"5 minutes\" \/>\n<script type=\"application\/ld+json\" class=\"yoast-schema-graph\">{\"@context\":\"https:\/\/schema.org\",\"@graph\":[{\"@type\":\"WebPage\",\"@id\":\"https:\/\/choeur-strasbourg.eu\/en\/finlande-finland-helsinki\/\",\"url\":\"https:\/\/choeur-strasbourg.eu\/en\/finlande-finland-helsinki\/\",\"name\":\"FINLANDE - FINLAND : Helsinki - Le Choeur Philharmonique de Strasbourg\",\"isPartOf\":{\"@id\":\"https:\/\/choeur-strasbourg.eu\/#website\"},\"datePublished\":\"2020-06-04T12:50:27+00:00\",\"dateModified\":\"2020-06-05T15:17:30+00:00\",\"breadcrumb\":{\"@id\":\"https:\/\/choeur-strasbourg.eu\/en\/finlande-finland-helsinki\/#breadcrumb\"},\"inLanguage\":\"en-US\",\"potentialAction\":[{\"@type\":\"ReadAction\",\"target\":[\"https:\/\/choeur-strasbourg.eu\/en\/finlande-finland-helsinki\/\"]}]},{\"@type\":\"BreadcrumbList\",\"@id\":\"https:\/\/choeur-strasbourg.eu\/en\/finlande-finland-helsinki\/#breadcrumb\",\"itemListElement\":[{\"@type\":\"ListItem\",\"position\":1,\"name\":\"Accueil\",\"item\":\"https:\/\/choeur-strasbourg.eu\/en\/accueil-2\/\"},{\"@type\":\"ListItem\",\"position\":2,\"name\":\"FINLANDE &#8211; FINLAND : Helsinki\"}]},{\"@type\":\"WebSite\",\"@id\":\"https:\/\/choeur-strasbourg.eu\/#website\",\"url\":\"https:\/\/choeur-strasbourg.eu\/\",\"name\":\"Le Choeur Philharmonique de Strasbourg\",\"description\":\"Catherine bolzinger\",\"publisher\":{\"@id\":\"https:\/\/choeur-strasbourg.eu\/#organization\"},\"potentialAction\":[{\"@type\":\"SearchAction\",\"target\":{\"@type\":\"EntryPoint\",\"urlTemplate\":\"https:\/\/choeur-strasbourg.eu\/?s={search_term_string}\"},\"query-input\":{\"@type\":\"PropertyValueSpecification\",\"valueRequired\":true,\"valueName\":\"search_term_string\"}}],\"inLanguage\":\"en-US\"},{\"@type\":\"Organization\",\"@id\":\"https:\/\/choeur-strasbourg.eu\/#organization\",\"name\":\"Choeur Philharmonique de Strasbourg\",\"url\":\"https:\/\/choeur-strasbourg.eu\/\",\"logo\":{\"@type\":\"ImageObject\",\"inLanguage\":\"en-US\",\"@id\":\"https:\/\/choeur-strasbourg.eu\/#\/schema\/logo\/image\/\",\"url\":\"https:\/\/choeur-strasbourg.eu\/wp-content\/uploads\/2019\/05\/choeur-philarmonique-strasbourg.svg\",\"contentUrl\":\"https:\/\/choeur-strasbourg.eu\/wp-content\/uploads\/2019\/05\/choeur-philarmonique-strasbourg.svg\",\"width\":1,\"height\":1,\"caption\":\"Choeur Philharmonique de Strasbourg\"},\"image\":{\"@id\":\"https:\/\/choeur-strasbourg.eu\/#\/schema\/logo\/image\/\"},\"sameAs\":[\"https:\/\/www.facebook.com\/ChoeurPhilharmoniqueStrasbourg\/\"]}]}<\/script>\n<!-- \/ Yoast SEO plugin. -->","yoast_head_json":{"title":"FINLANDE - FINLAND : Helsinki - Le Choeur Philharmonique de Strasbourg","robots":{"index":"index","follow":"follow","max-snippet":"max-snippet:-1","max-image-preview":"max-image-preview:large","max-video-preview":"max-video-preview:-1"},"canonical":"https:\/\/choeur-strasbourg.eu\/en\/finlande-finland-helsinki\/","og_locale":"en_US","og_type":"article","og_title":"FINLANDE - FINLAND : Helsinki - Le Choeur Philharmonique de Strasbourg","og_description":"FINLANDE - FINLAND : Helsinki V\u00e4rin\u00e4 Chamber Choir, conducted by Noora Hirn Vocal ensemble \u00a0 \u00a0 For more information : http:\/\/kamarikuorovarina.fi To listen\u00a0:\u00a0https:\/\/www.youtube.com\/channel\/UClCv5YfSKxbQf91y5Ljwkxg \" I work as a conductor for a Finnish Choir (based in the capital, Helsinki) called V\u00e4rin\u00e4 Chamber Choir. We are a mixed choir of 35 singers, and we sing classical choral [&hellip;]","og_url":"https:\/\/choeur-strasbourg.eu\/en\/finlande-finland-helsinki\/","og_site_name":"Le Choeur Philharmonique de Strasbourg","article_publisher":"https:\/\/www.facebook.com\/ChoeurPhilharmoniqueStrasbourg\/","article_modified_time":"2020-06-05T15:17:30+00:00","twitter_card":"summary_large_image","twitter_misc":{"Est. reading time":"5 minutes"},"schema":{"@context":"https:\/\/schema.org","@graph":[{"@type":"WebPage","@id":"https:\/\/choeur-strasbourg.eu\/en\/finlande-finland-helsinki\/","url":"https:\/\/choeur-strasbourg.eu\/en\/finlande-finland-helsinki\/","name":"FINLANDE - FINLAND : Helsinki - Le Choeur Philharmonique de Strasbourg","isPartOf":{"@id":"https:\/\/choeur-strasbourg.eu\/#website"},"datePublished":"2020-06-04T12:50:27+00:00","dateModified":"2020-06-05T15:17:30+00:00","breadcrumb":{"@id":"https:\/\/choeur-strasbourg.eu\/en\/finlande-finland-helsinki\/#breadcrumb"},"inLanguage":"en-US","potentialAction":[{"@type":"ReadAction","target":["https:\/\/choeur-strasbourg.eu\/en\/finlande-finland-helsinki\/"]}]},{"@type":"BreadcrumbList","@id":"https:\/\/choeur-strasbourg.eu\/en\/finlande-finland-helsinki\/#breadcrumb","itemListElement":[{"@type":"ListItem","position":1,"name":"Accueil","item":"https:\/\/choeur-strasbourg.eu\/en\/accueil-2\/"},{"@type":"ListItem","position":2,"name":"FINLANDE &#8211; FINLAND : Helsinki"}]},{"@type":"WebSite","@id":"https:\/\/choeur-strasbourg.eu\/#website","url":"https:\/\/choeur-strasbourg.eu\/","name":"Le Choeur Philharmonique de Strasbourg","description":"Catherine bolzinger","publisher":{"@id":"https:\/\/choeur-strasbourg.eu\/#organization"},"potentialAction":[{"@type":"SearchAction","target":{"@type":"EntryPoint","urlTemplate":"https:\/\/choeur-strasbourg.eu\/?s={search_term_string}"},"query-input":{"@type":"PropertyValueSpecification","valueRequired":true,"valueName":"search_term_string"}}],"inLanguage":"en-US"},{"@type":"Organization","@id":"https:\/\/choeur-strasbourg.eu\/#organization","name":"Choeur Philharmonique de Strasbourg","url":"https:\/\/choeur-strasbourg.eu\/","logo":{"@type":"ImageObject","inLanguage":"en-US","@id":"https:\/\/choeur-strasbourg.eu\/#\/schema\/logo\/image\/","url":"https:\/\/choeur-strasbourg.eu\/wp-content\/uploads\/2019\/05\/choeur-philarmonique-strasbourg.svg","contentUrl":"https:\/\/choeur-strasbourg.eu\/wp-content\/uploads\/2019\/05\/choeur-philarmonique-strasbourg.svg","width":1,"height":1,"caption":"Choeur Philharmonique de Strasbourg"},"image":{"@id":"https:\/\/choeur-strasbourg.eu\/#\/schema\/logo\/image\/"},"sameAs":["https:\/\/www.facebook.com\/ChoeurPhilharmoniqueStrasbourg\/"]}]}},"_links":{"self":[{"href":"https:\/\/choeur-strasbourg.eu\/en\/wp-json\/wp\/v2\/pages\/1888","targetHints":{"allow":["GET"]}}],"collection":[{"href":"https:\/\/choeur-strasbourg.eu\/en\/wp-json\/wp\/v2\/pages"}],"about":[{"href":"https:\/\/choeur-strasbourg.eu\/en\/wp-json\/wp\/v2\/types\/page"}],"author":[{"embeddable":true,"href":"https:\/\/choeur-strasbourg.eu\/en\/wp-json\/wp\/v2\/users\/5"}],"replies":[{"embeddable":true,"href":"https:\/\/choeur-strasbourg.eu\/en\/wp-json\/wp\/v2\/comments?post=1888"}],"version-history":[{"count":16,"href":"https:\/\/choeur-strasbourg.eu\/en\/wp-json\/wp\/v2\/pages\/1888\/revisions"}],"predecessor-version":[{"id":3225,"href":"https:\/\/choeur-strasbourg.eu\/en\/wp-json\/wp\/v2\/pages\/1888\/revisions\/3225"}],"wp:attachment":[{"href":"https:\/\/choeur-strasbourg.eu\/en\/wp-json\/wp\/v2\/media?parent=1888"}],"curies":[{"name":"wp","href":"https:\/\/api.w.org\/{rel}","templated":true}]}}